{"id":4149,"date":"2020-02-14T02:55:59","date_gmt":"2020-02-14T05:55:59","guid":{"rendered":"http:\/\/linhabrancaelectrolux.com.br\/?page_id=4149"},"modified":"2020-07-31T12:55:04","modified_gmt":"2020-07-31T15:55:04","slug":"manutencao-de-forno-eletrico","status":"publish","type":"page","link":"https:\/\/autorizadalinhabranca.com.br\/assistencia\/manutencao-de-forno-eletrico\/","title":{"rendered":"Manuten\u00e7\u00e3o de Forno El\u00e9trico"},"content":{"rendered":"","protected":false},"excerpt":{"rendered":"","protected":false},"author":3,"featured_media":0,"parent":0,"menu_order":0,"comment_status":"closed","ping_status":"closed","template":"","meta":{"footnotes":""},"_links":{"self":[{"href":"https:\/\/autorizadalinhabranca.com.br\/assistencia\/wp-json\/wp\/v2\/pages\/4149"}],"collection":[{"href":"https:\/\/autorizadalinhabranca.com.br\/assistencia\/wp-json\/wp\/v2\/pages"}],"about":[{"href":"https:\/\/autorizadalinhabranca.com.br\/assistencia\/wp-json\/wp\/v2\/types\/page"}],"author":[{"embeddable":true,"href":"https:\/\/autorizadalinhabranca.com.br\/assistencia\/wp-json\/wp\/v2\/users\/3"}],"replies":[{"embeddable":true,"href":"https:\/\/autorizadalinhabranca.com.br\/assistencia\/wp-json\/wp\/v2\/comments?post=4149"}],"version-history":[{"count":6,"href":"https:\/\/autorizadalinhabranca.com.br\/assistencia\/wp-json\/wp\/v2\/pages\/4149\/revisions"}],"predecessor-version":[{"id":4538,"href":"https:\/\/autorizadalinhabranca.com.br\/assistencia\/wp-json\/wp\/v2\/pages\/4149\/revisions\/4538"}],"wp:attachment":[{"href":"https:\/\/autorizadalinhabranca.com.br\/assistencia\/wp-json\/wp\/v2\/media?parent=4149"}],"curies":[{"name":"wp","href":"https:\/\/api.w.org\/{rel}","templated":true}]}}