{"id":4154,"date":"2020-02-14T03:01:26","date_gmt":"2020-02-14T06:01:26","guid":{"rendered":"http:\/\/linhabrancaelectrolux.com.br\/?page_id=4154"},"modified":"2020-07-31T12:54:55","modified_gmt":"2020-07-31T15:54:55","slug":"manutencao-de-maquina-de-lavar","status":"publish","type":"page","link":"https:\/\/autorizadalinhabranca.com.br\/assistencia\/manutencao-de-maquina-de-lavar\/","title":{"rendered":"Manuten\u00e7\u00e3o de M\u00e1quina de Lavar"},"content":{"rendered":"","protected":false},"excerpt":{"rendered":"","protected":false},"author":3,"featured_media":0,"parent":0,"menu_order":0,"comment_status":"closed","ping_status":"closed","template":"","meta":{"footnotes":""},"_links":{"self":[{"href":"https:\/\/autorizadalinhabranca.com.br\/assistencia\/wp-json\/wp\/v2\/pages\/4154"}],"collection":[{"href":"https:\/\/autorizadalinhabranca.com.br\/assistencia\/wp-json\/wp\/v2\/pages"}],"about":[{"href":"https:\/\/autorizadalinhabranca.com.br\/assistencia\/wp-json\/wp\/v2\/types\/page"}],"author":[{"embeddable":true,"href":"https:\/\/autorizadalinhabranca.com.br\/assistencia\/wp-json\/wp\/v2\/users\/3"}],"replies":[{"embeddable":true,"href":"https:\/\/autorizadalinhabranca.com.br\/assistencia\/wp-json\/wp\/v2\/comments?post=4154"}],"version-history":[{"count":5,"href":"https:\/\/autorizadalinhabranca.com.br\/assistencia\/wp-json\/wp\/v2\/pages\/4154\/revisions"}],"predecessor-version":[{"id":4533,"href":"https:\/\/autorizadalinhabranca.com.br\/assistencia\/wp-json\/wp\/v2\/pages\/4154\/revisions\/4533"}],"wp:attachment":[{"href":"https:\/\/autorizadalinhabranca.com.br\/assistencia\/wp-json\/wp\/v2\/media?parent=4154"}],"curies":[{"name":"wp","href":"https:\/\/api.w.org\/{rel}","templated":true}]}}